{"id":1246,"date":"2015-05-04T07:30:41","date_gmt":"2015-05-04T07:30:41","guid":{"rendered":"https:\/\/wgiem.com.ar\/contacto\/"},"modified":"2023-07-18T19:52:20","modified_gmt":"2023-07-18T19:52:20","slug":"contact","status":"publish","type":"page","link":"https:\/\/wgiem.com.ar\/en\/contact\/","title":{"rendered":"Contact"},"content":{"rendered":"<div id=\"pl-1246\"  class=\"panel-layout\" ><div id=\"pg-1246-0\"  class=\"panel-grid panel-has-style\" ><div class=\"siteorigin-panels-stretch panel-row-style panel-row-style-for-1246-0\" data-stretch-type=\"full-stretched\" ><div id=\"pgc-1246-0-0\"  class=\"panel-grid-cell\" ><div id=\"panel-1246-0-0-0\" class=\"so-panel widget widget_black-studio-tinymce widget_black_studio_tinymce panel-first-child panel-last-child\" data-index=\"0\" ><div class=\"textwidget\"><p><iframe src=\"https:\/\/www.google.com\/maps\/embed?pb=!1m18!1m12!1m3!1d3340.8875007102756!2d-64.3877850249508!3d-33.13831998159414!2m3!1f0!2f0!3f0!3m2!1i1024!2i768!4f13.1!3m3!1m2!1s0x95d201d2afc85b31%3A0x839e4847ce094904!2sEstado%20de%20Palestina%203081%2C%20R%C3%ADo%20Cuarto%2C%20C%C3%B3rdoba!5e0!3m2!1ses-419!2sar!4v1689709208765!5m2!1ses-419!2sar\" width=\"100%\" height=\"450\" style=\"border:0;\" allowfullscreen=\"\" loading=\"lazy\" referrerpolicy=\"no-referrer-when-downgrade\"><\/iframe><\/p>\n<\/div><\/div><\/div><\/div><\/div><div id=\"pg-1246-1\"  class=\"panel-grid panel-no-style\" ><div id=\"pgc-1246-1-0\"  class=\"panel-grid-cell\" ><div id=\"panel-1246-1-0-0\" class=\"so-panel widget widget_black-studio-tinymce widget_black_studio_tinymce panel-first-child panel-last-child\" data-index=\"1\" ><div class=\"box-datos-contacto featured-widget panel-widget-style panel-widget-style-for-1246-1-0-0\" ><h3 class=\"widget-title\"><span class=\"widget-title__inline\">CONTACT INFORMATION<\/span><\/h3><div class=\"textwidget\"><p><strong>WG Ingenier\u00eda El\u00e9ctrica S.A.<\/strong><br \/>\nEstado de Palestina 3081<br \/>\nCP 5800 R\u00edo Cuarto<br \/>\nC\u00f3rdoba - Argentina<\/p>\n<hr>\n<p><span style=\"color: #505050; font-size: 19px; font-weight: 700;\">+54 358 4211001\/2<\/span><br \/>\n<a href=\"mailto:ventas@wgiem.com.ar\" style=\"font-size: 18px;\">ventas@wgiem.com.ar<\/a><\/p>\n<\/div><\/div><\/div><\/div><div id=\"pgc-1246-1-1\"  class=\"panel-grid-cell\" ><div id=\"panel-1246-1-1-0\" class=\"so-panel widget widget_black-studio-tinymce widget_black_studio_tinymce panel-first-child panel-last-child\" data-index=\"2\" ><div class=\"box-formulario panel-widget-style panel-widget-style-for-1246-1-1-0\" ><h3 class=\"widget-title\"><span class=\"widget-title__inline\">CONTACT US<\/span><\/h3><div class=\"textwidget\"><p>Send us your doubts, questions and \/ or suggestions. Our team will respond to you as soon as possible.<\/p>\n<p>\n<div class=\"wpcf7 no-js\" id=\"wpcf7-f1252-o1\" lang=\"en-US\" dir=\"ltr\">\n<div class=\"screen-reader-response\"><p role=\"status\" aria-live=\"polite\" aria-atomic=\"true\"><\/p> <ul><\/ul><\/div>\n<form action=\"\/en\/wp-json\/wp\/v2\/pages\/1246#wpcf7-f1252-o1\" method=\"post\" class=\"wpcf7-form init\" aria-label=\"Contact form\" novalidate=\"novalidate\" data-status=\"init\">\n<div style=\"display: none;\">\n<input type=\"hidden\" name=\"_wpcf7\" value=\"1252\" \/>\n<input type=\"hidden\" name=\"_wpcf7_version\" value=\"5.9.8\" \/>\n<input type=\"hidden\" name=\"_wpcf7_locale\" value=\"en_US\" \/>\n<input type=\"hidden\" name=\"_wpcf7_unit_tag\" value=\"wpcf7-f1252-o1\" \/>\n<input type=\"hidden\" name=\"_wpcf7_container_post\" value=\"0\" \/>\n<input type=\"hidden\" name=\"_wpcf7_posted_data_hash\" value=\"\" \/>\n<input type=\"hidden\" name=\"_wpcf7_recaptcha_response\" value=\"\" \/>\n<\/div>\n<div class=\"row\">\n\t<div class=\"col-xs-12 col-md-6\">\n\t\t<p><span class=\"wpcf7-form-control-wrap\" data-name=\"your-name\"><input size=\"40\" maxlength=\"400\" class=\"wpcf7-form-control wpcf7-text wpcf7-validates-as-required\" aria-required=\"true\" aria-invalid=\"false\" placeholder=\"Apellido y Nombre\" value=\"\" type=\"text\" name=\"your-name\" \/><\/span>\n\t\t<\/p>\n\t<\/div>\n\t<div class=\"col-xs-12 col-md-6\">\n\t\t<p><span class=\"wpcf7-form-control-wrap\" data-name=\"your-phone\"><input size=\"40\" maxlength=\"400\" class=\"wpcf7-form-control wpcf7-tel wpcf7-validates-as-required wpcf7-text wpcf7-validates-as-tel\" aria-required=\"true\" aria-invalid=\"false\" placeholder=\"Tel\u00e9fono\" value=\"\" type=\"tel\" name=\"your-phone\" \/><\/span>\n\t\t<\/p>\n\t<\/div>\n<\/div>\n<div class=\"row\">\n\t<div class=\"col-xs-12 col-md-6\">\n\t\t<p><span class=\"wpcf7-form-control-wrap\" data-name=\"your-email\"><input size=\"40\" maxlength=\"400\" class=\"wpcf7-form-control wpcf7-email wpcf7-validates-as-required wpcf7-text wpcf7-validates-as-email\" aria-required=\"true\" aria-invalid=\"false\" placeholder=\"Email\" value=\"\" type=\"email\" name=\"your-email\" \/><\/span>\n\t\t<\/p>\n\t<\/div>\n\t<div class=\"col-xs-12 col-md-6\">\n\t\t<p><span class=\"wpcf7-form-control-wrap\" data-name=\"your-business\"><input size=\"40\" maxlength=\"400\" class=\"wpcf7-form-control wpcf7-text wpcf7-validates-as-required\" aria-required=\"true\" aria-invalid=\"false\" placeholder=\"Empresa\" value=\"\" type=\"text\" name=\"your-business\" \/><\/span>\n\t\t<\/p>\n\t<\/div>\n<\/div>\n<div class=\"row\">\n\t<div class=\"col-xs-12\">\n\t\t<p><span class=\"wpcf7-form-control-wrap\" data-name=\"your-message\"><textarea cols=\"40\" rows=\"10\" maxlength=\"2000\" class=\"wpcf7-form-control wpcf7-textarea\" aria-invalid=\"false\" placeholder=\"Escriba aqu\u00ed su mensaje\" name=\"your-message\"><\/textarea><\/span><br \/>\n<input class=\"wpcf7-form-control wpcf7-submit has-spinner btn btn-primary\" type=\"submit\" value=\"ENVIAR FORMULARIO\" \/>\n\t\t<\/p>\n\t<\/div>\n<\/div><p style=\"display: none !important;\" class=\"akismet-fields-container\" data-prefix=\"_wpcf7_ak_\"><label>&#916;<textarea name=\"_wpcf7_ak_hp_textarea\" cols=\"45\" rows=\"8\" maxlength=\"100\"><\/textarea><\/label><input type=\"hidden\" id=\"ak_js_1\" name=\"_wpcf7_ak_js\" value=\"25\"\/><script>document.getElementById( \"ak_js_1\" ).setAttribute( \"value\", ( new Date() ).getTime() );<\/script><\/p><div class=\"wpcf7-response-output\" aria-hidden=\"true\"><\/div>\n<\/form>\n<\/div>\n<\/p>\n<\/div><\/div><\/div><\/div><\/div><\/div>","protected":false},"excerpt":{"rendered":"<p>WG Ingenier\u00eda El\u00e9ctrica S.A. Estado de Palestina 3081 CP 5800 R\u00edo Cuarto C\u00f3rdoba &#8211; Argentina +54 358 4211001\/2 ventas@wgiem.com.ar Send us your doubts, questions and \/ or suggestions. Our team will respond to you as soon as possible.<\/p>\n","protected":false},"author":1,"featured_media":0,"parent":0,"menu_order":0,"comment_status":"closed","ping_status":"closed","template":"","meta":{"_acf_changed":false,"_joinchat":[],"footnotes":""},"class_list":["post-1246","page","type-page","status-publish","hentry"],"acf":[],"_links":{"self":[{"href":"https:\/\/wgiem.com.ar\/en\/wp-json\/wp\/v2\/pages\/1246"}],"collection":[{"href":"https:\/\/wgiem.com.ar\/en\/wp-json\/wp\/v2\/pages"}],"about":[{"href":"https:\/\/wgiem.com.ar\/en\/wp-json\/wp\/v2\/types\/page"}],"author":[{"embeddable":true,"href":"https:\/\/wgiem.com.ar\/en\/wp-json\/wp\/v2\/users\/1"}],"replies":[{"embeddable":true,"href":"https:\/\/wgiem.com.ar\/en\/wp-json\/wp\/v2\/comments?post=1246"}],"version-history":[{"count":15,"href":"https:\/\/wgiem.com.ar\/en\/wp-json\/wp\/v2\/pages\/1246\/revisions"}],"predecessor-version":[{"id":1682,"href":"https:\/\/wgiem.com.ar\/en\/wp-json\/wp\/v2\/pages\/1246\/revisions\/1682"}],"wp:attachment":[{"href":"https:\/\/wgiem.com.ar\/en\/wp-json\/wp\/v2\/media?parent=1246"}],"curies":[{"name":"wp","href":"https:\/\/api.w.org\/{rel}","templated":true}]}}