{"id":1277,"date":"2015-04-23T11:19:03","date_gmt":"2015-04-23T11:19:03","guid":{"rendered":"https:\/\/wgiem.com.ar\/generacion-de-energia\/"},"modified":"2023-07-20T00:12:54","modified_gmt":"2023-07-20T00:12:54","slug":"energy-generation","status":"publish","type":"page","link":"https:\/\/wgiem.com.ar\/en\/energy-generation\/","title":{"rendered":"Energy Generation"},"content":{"rendered":"<div id=\"pl-1277\"  class=\"panel-layout\" ><div id=\"pg-1277-0\"  class=\"panel-grid panel-no-style\" ><div id=\"pgc-1277-0-0\"  class=\"panel-grid-cell\" ><div id=\"panel-1277-0-0-0\" class=\"so-panel widget widget_black-studio-tinymce widget_black_studio_tinymce panel-first-child panel-last-child\" data-index=\"0\" ><div class=\"textwidget\"><ul class=\"lista\">\n<li>Projects and electromechanical assembly of industrial plants of energy generation and<br \/>\nTransformer station.<\/li>\n<li>Automatism of synchronisms Red Generation in Low Voltage and Midium voltage.<\/li>\n<li>Electromechanical assembly of generators and turbogenerators.<\/li>\n<li>Systems Scadas, of integral supervision of Generation, synchronisms and management of<br \/>\nthe energy systems.<\/li>\n<\/ul>\n<\/div><\/div><\/div><div id=\"pgc-1277-0-1\"  class=\"panel-grid-cell\" ><div id=\"panel-1277-0-1-0\" class=\"so-panel widget widget_black-studio-tinymce widget_black_studio_tinymce panel-first-child panel-last-child\" data-index=\"1\" ><div class=\"textwidget\"><div class=\"galeria\">\n<p><div id='gallery-1' class='gallery galleryid-1277 gallery-columns-3 gallery-size-thumbnail'><figure class='gallery-item'>\n\t\t\t<div class='gallery-icon landscape'>\n\t\t\t\t<a href='https:\/\/wgiem.com.ar\/wp-content\/uploads\/2015\/04\/gen01.jpg'><img loading=\"lazy\" decoding=\"async\" width=\"180\" height=\"160\" src=\"https:\/\/wgiem.com.ar\/wp-content\/uploads\/2015\/04\/gen01-180x160.jpg\" class=\"attachment-thumbnail size-thumbnail\" alt=\"Generadores de Energ\u00eda - WG Ingenier\u00eda El\u00e9ctrica Rio Cuarto\" \/><\/a>\n\t\t\t<\/div><\/figure><figure class='gallery-item'>\n\t\t\t<div class='gallery-icon landscape'>\n\t\t\t\t<a href='https:\/\/wgiem.com.ar\/wp-content\/uploads\/2015\/04\/gen05.jpg'><img loading=\"lazy\" decoding=\"async\" width=\"180\" height=\"160\" src=\"https:\/\/wgiem.com.ar\/wp-content\/uploads\/2015\/04\/gen05-180x160.jpg\" class=\"attachment-thumbnail size-thumbnail\" alt=\"Generadores de Energ\u00eda - WG Ingenier\u00eda El\u00e9ctrica Rio Cuarto\" \/><\/a>\n\t\t\t<\/div><\/figure><figure class='gallery-item'>\n\t\t\t<div class='gallery-icon portrait'>\n\t\t\t\t<a href='https:\/\/wgiem.com.ar\/wp-content\/uploads\/2015\/04\/generacion-energia.jpg'><img loading=\"lazy\" decoding=\"async\" width=\"180\" height=\"160\" src=\"https:\/\/wgiem.com.ar\/wp-content\/uploads\/2015\/04\/generacion-energia-180x160.jpg\" class=\"attachment-thumbnail size-thumbnail\" alt=\"\" \/><\/a>\n\t\t\t<\/div><\/figure><figure class='gallery-item'>\n\t\t\t<div class='gallery-icon landscape'>\n\t\t\t\t<a href='https:\/\/wgiem.com.ar\/wp-content\/uploads\/2015\/04\/generacion-energia-02.jpg'><img loading=\"lazy\" decoding=\"async\" width=\"180\" height=\"160\" src=\"https:\/\/wgiem.com.ar\/wp-content\/uploads\/2015\/04\/generacion-energia-02-180x160.jpg\" class=\"attachment-thumbnail size-thumbnail\" alt=\"\" \/><\/a>\n\t\t\t<\/div><\/figure><figure class='gallery-item'>\n\t\t\t<div class='gallery-icon landscape'>\n\t\t\t\t<a href='https:\/\/wgiem.com.ar\/wp-content\/uploads\/2015\/04\/generacion-energia-03.jpg'><img loading=\"lazy\" decoding=\"async\" width=\"180\" height=\"160\" src=\"https:\/\/wgiem.com.ar\/wp-content\/uploads\/2015\/04\/generacion-energia-03-180x160.jpg\" class=\"attachment-thumbnail size-thumbnail\" alt=\"\" \/><\/a>\n\t\t\t<\/div><\/figure><figure class='gallery-item'>\n\t\t\t<div class='gallery-icon portrait'>\n\t\t\t\t<a href='https:\/\/wgiem.com.ar\/wp-content\/uploads\/2015\/04\/generacion.jpg'><img loading=\"lazy\" decoding=\"async\" width=\"180\" height=\"160\" src=\"https:\/\/wgiem.com.ar\/wp-content\/uploads\/2015\/04\/generacion-180x160.jpg\" class=\"attachment-thumbnail size-thumbnail\" alt=\"\" \/><\/a>\n\t\t\t<\/div><\/figure>\n\t\t<\/div>\n<\/p>\n<\/div>\n<\/div><\/div><\/div><\/div><div id=\"pg-1277-1\"  class=\"panel-grid panel-no-style\" ><div id=\"pgc-1277-1-0\"  class=\"panel-grid-cell\" ><div id=\"panel-1277-1-0-0\" class=\"so-panel widget widget_black-studio-tinymce widget_black_studio_tinymce panel-first-child panel-last-child\" data-index=\"2\" ><div class=\"textwidget\"><h3 style=\"text-align: left;\">We also offer ...<\/h3>\n<\/div><\/div><\/div><div id=\"pgc-1277-1-1\"  class=\"panel-grid-cell\" ><div id=\"panel-1277-1-1-0\" class=\"so-panel widget widget_black-studio-tinymce widget_black_studio_tinymce panel-first-child panel-last-child\" data-index=\"3\" ><div class=\"textwidget\"><p><a href=\"https:\/\/wgiem.com.ar\/referencias\/\" style=\"text-align: right; color: #006064; margin-top: 24px; font-size: 19px; display: block;\"><i class=\"fa fa-plus-circle\"><\/i> VIEW REFERENCES<\/a><\/p>\n<\/div><\/div><\/div><\/div><div id=\"pg-1277-2\"  class=\"panel-grid panel-no-style\" ><div id=\"pgc-1277-2-0\"  class=\"panel-grid-cell\" ><div id=\"panel-1277-2-0-0\" class=\"so-panel widget widget_black-studio-tinymce widget_black_studio_tinymce panel-first-child panel-last-child\" data-index=\"4\" ><div class=\"textwidget\"><p><a href=\"https:\/\/wgiem.com.ar\/en\/medium-voltage-panels-equipment\/\" class=\"btn btn-relacionados\">Medium Voltage Panels Equipment<\/a><\/p>\n<\/div><\/div><\/div><div id=\"pgc-1277-2-1\"  class=\"panel-grid-cell\" ><div id=\"panel-1277-2-1-0\" class=\"so-panel widget widget_black-studio-tinymce widget_black_studio_tinymce panel-first-child panel-last-child\" data-index=\"5\" ><div class=\"textwidget\"><p><a href=\"https:\/\/wgiem.com.ar\/obras\/\" class=\"btn btn-relacionados\">Works<\/a><\/p>\n<\/div><\/div><\/div><div id=\"pgc-1277-2-2\"  class=\"panel-grid-cell\" ><div id=\"panel-1277-2-2-0\" class=\"so-panel widget widget_black-studio-tinymce widget_black_studio_tinymce panel-first-child panel-last-child\" data-index=\"6\" ><div class=\"textwidget\"><p><a href=\"https:\/\/wgiem.com.ar\/ingenieria-y-servicios\/\" class=\"btn btn-relacionados\">Engineering and Services<\/a><\/p>\n<\/div><\/div><\/div><\/div><\/div>","protected":false},"excerpt":{"rendered":"<p>Projects and electromechanical assembly of industrial plants of energy generation and Transformer station. Automatism of synchronisms Red Generation in Low Voltage and Midium voltage. Electromechanical assembly of generators and turbogenerators. Systems Scadas, of integral supervision of Generation, synchronisms and management of the energy systems. We also offer &#8230; VIEW REFERENCES<\/p>\n","protected":false},"author":1,"featured_media":0,"parent":0,"menu_order":0,"comment_status":"closed","ping_status":"closed","template":"","meta":{"_acf_changed":false,"_joinchat":[],"footnotes":""},"class_list":["post-1277","page","type-page","status-publish","hentry"],"acf":[],"_links":{"self":[{"href":"https:\/\/wgiem.com.ar\/en\/wp-json\/wp\/v2\/pages\/1277"}],"collection":[{"href":"https:\/\/wgiem.com.ar\/en\/wp-json\/wp\/v2\/pages"}],"about":[{"href":"https:\/\/wgiem.com.ar\/en\/wp-json\/wp\/v2\/types\/page"}],"author":[{"embeddable":true,"href":"https:\/\/wgiem.com.ar\/en\/wp-json\/wp\/v2\/users\/1"}],"replies":[{"embeddable":true,"href":"https:\/\/wgiem.com.ar\/en\/wp-json\/wp\/v2\/comments?post=1277"}],"version-history":[{"count":9,"href":"https:\/\/wgiem.com.ar\/en\/wp-json\/wp\/v2\/pages\/1277\/revisions"}],"predecessor-version":[{"id":1696,"href":"https:\/\/wgiem.com.ar\/en\/wp-json\/wp\/v2\/pages\/1277\/revisions\/1696"}],"wp:attachment":[{"href":"https:\/\/wgiem.com.ar\/en\/wp-json\/wp\/v2\/media?parent=1277"}],"curies":[{"name":"wp","href":"https:\/\/api.w.org\/{rel}","templated":true}]}}