{"id":1281,"date":"2015-04-23T12:39:15","date_gmt":"2015-04-23T12:39:15","guid":{"rendered":"https:\/\/wgiem.com.ar\/ingenieria-y-servicios\/"},"modified":"2023-07-14T19:56:22","modified_gmt":"2023-07-14T19:56:22","slug":"engineering-and-services","status":"publish","type":"page","link":"https:\/\/wgiem.com.ar\/en\/engineering-and-services\/","title":{"rendered":"Engineering and Services"},"content":{"rendered":"<div id=\"pl-1281\"  class=\"panel-layout\" ><div id=\"pg-1281-0\"  class=\"panel-grid panel-no-style\" ><div id=\"pgc-1281-0-0\"  class=\"panel-grid-cell\" ><div id=\"panel-1281-0-0-0\" class=\"so-panel widget widget_black-studio-tinymce widget_black_studio_tinymce panel-first-child panel-last-child\" data-index=\"0\" ><div class=\"textwidget\"><ul class=\"lista\">\n<li>Development design and engineering of electrical systems of Low Voltage and Midium<br \/>\nVoltage.<\/li>\n<li>Management and administration of industrial electromechanical works of Low Voltage and<br \/>\nMidium Voltage.<\/li>\n<li>Specific maintenance in substations and Midium Voltage systems.<\/li>\n<li>Laboratory of metrology and electrical tests.<\/li>\n<li>Analysis of oils of transformers.<\/li>\n<li>Revamping of production lines, automatic and semi-automatic machines.<\/li>\n<li>Electric power quality analysis, online, harmonic analysis<\/li>\n<\/ul>\n<\/div><\/div><\/div><div id=\"pgc-1281-0-1\"  class=\"panel-grid-cell\" ><div id=\"panel-1281-0-1-0\" class=\"so-panel widget widget_black-studio-tinymce widget_black_studio_tinymce panel-first-child panel-last-child\" data-index=\"1\" ><div class=\"textwidget\"><div class=\"galeria\">\n<p><div id='gallery-1' class='gallery galleryid-1281 gallery-columns-3 gallery-size-thumbnail'><figure class='gallery-item'>\n\t\t\t<div class='gallery-icon landscape'>\n\t\t\t\t<a href='https:\/\/wgiem.com.ar\/wp-content\/uploads\/2015\/04\/ing01.jpg'><img loading=\"lazy\" decoding=\"async\" width=\"180\" height=\"160\" src=\"https:\/\/wgiem.com.ar\/wp-content\/uploads\/2015\/04\/ing01-180x160.jpg\" class=\"attachment-thumbnail size-thumbnail\" alt=\"Ingenier\u00eda y Servicios - WG Ingenier\u00eda El\u00e9ctrica Rio Cuarto\" \/><\/a>\n\t\t\t<\/div><\/figure><figure class='gallery-item'>\n\t\t\t<div class='gallery-icon portrait'>\n\t\t\t\t<a href='https:\/\/wgiem.com.ar\/wp-content\/uploads\/2015\/04\/ing02.jpg'><img loading=\"lazy\" decoding=\"async\" width=\"180\" height=\"160\" src=\"https:\/\/wgiem.com.ar\/wp-content\/uploads\/2015\/04\/ing02-180x160.jpg\" class=\"attachment-thumbnail size-thumbnail\" alt=\"Ingenier\u00eda y Servicios - WG Ingenier\u00eda El\u00e9ctrica Rio Cuarto\" \/><\/a>\n\t\t\t<\/div><\/figure><figure class='gallery-item'>\n\t\t\t<div class='gallery-icon landscape'>\n\t\t\t\t<a href='https:\/\/wgiem.com.ar\/wp-content\/uploads\/2015\/04\/ing03.jpg'><img loading=\"lazy\" decoding=\"async\" width=\"180\" height=\"160\" src=\"https:\/\/wgiem.com.ar\/wp-content\/uploads\/2015\/04\/ing03-180x160.jpg\" class=\"attachment-thumbnail size-thumbnail\" alt=\"Ingenier\u00eda y Servicios - WG Ingenier\u00eda El\u00e9ctrica Rio Cuarto\" \/><\/a>\n\t\t\t<\/div><\/figure><figure class='gallery-item'>\n\t\t\t<div class='gallery-icon landscape'>\n\t\t\t\t<a href='https:\/\/wgiem.com.ar\/wp-content\/uploads\/2015\/04\/ing04.jpg'><img loading=\"lazy\" decoding=\"async\" width=\"180\" height=\"160\" src=\"https:\/\/wgiem.com.ar\/wp-content\/uploads\/2015\/04\/ing04-180x160.jpg\" class=\"attachment-thumbnail size-thumbnail\" alt=\"Ingenier\u00eda y Servicios - WG Ingenier\u00eda El\u00e9ctrica Rio Cuarto\" \/><\/a>\n\t\t\t<\/div><\/figure><figure class='gallery-item'>\n\t\t\t<div class='gallery-icon landscape'>\n\t\t\t\t<a href='https:\/\/wgiem.com.ar\/wp-content\/uploads\/2015\/04\/ing05.jpg'><img loading=\"lazy\" decoding=\"async\" width=\"180\" height=\"160\" src=\"https:\/\/wgiem.com.ar\/wp-content\/uploads\/2015\/04\/ing05-180x160.jpg\" class=\"attachment-thumbnail size-thumbnail\" alt=\"Ingenier\u00eda y Servicios - WG Ingenier\u00eda El\u00e9ctrica Rio Cuarto\" \/><\/a>\n\t\t\t<\/div><\/figure><figure class='gallery-item'>\n\t\t\t<div class='gallery-icon portrait'>\n\t\t\t\t<a href='https:\/\/wgiem.com.ar\/wp-content\/uploads\/2015\/04\/ing06.jpg'><img loading=\"lazy\" decoding=\"async\" width=\"180\" height=\"160\" src=\"https:\/\/wgiem.com.ar\/wp-content\/uploads\/2015\/04\/ing06-180x160.jpg\" class=\"attachment-thumbnail size-thumbnail\" alt=\"Ingenier\u00eda y Servicios - WG Ingenier\u00eda El\u00e9ctrica Rio Cuarto\" \/><\/a>\n\t\t\t<\/div><\/figure>\n\t\t<\/div>\n<\/p>\n<\/div>\n<\/div><\/div><\/div><\/div><div id=\"pg-1281-1\"  class=\"panel-grid panel-no-style\" ><div id=\"pgc-1281-1-0\"  class=\"panel-grid-cell\" ><div id=\"panel-1281-1-0-0\" class=\"so-panel widget widget_black-studio-tinymce widget_black_studio_tinymce panel-first-child panel-last-child\" data-index=\"2\" ><div class=\"textwidget\"><h3 style=\"text-align: left;\">Tambi\u00e9n ofrecemos...<\/h3>\n<\/div><\/div><\/div><div id=\"pgc-1281-1-1\"  class=\"panel-grid-cell\" ><div id=\"panel-1281-1-1-0\" class=\"so-panel widget widget_black-studio-tinymce widget_black_studio_tinymce panel-first-child panel-last-child\" data-index=\"3\" ><div class=\"textwidget\"><p><a href=\"https:\/\/wgiem.com.ar\/referencias\/\" style=\"text-align: right; color: #006064; margin-top: 24px; font-size: 19px; display: block;\"><i class=\"fa fa-plus-circle\"><\/i> VIEW REFERENCES<\/a><\/p>\n<\/div><\/div><\/div><\/div><div id=\"pg-1281-2\"  class=\"panel-grid panel-no-style\" ><div id=\"pgc-1281-2-0\"  class=\"panel-grid-cell\" ><div id=\"panel-1281-2-0-0\" class=\"so-panel widget widget_black-studio-tinymce widget_black_studio_tinymce panel-first-child panel-last-child\" data-index=\"4\" ><div class=\"textwidget\"><p><a href=\"https:\/\/wgiem.com.ar\/en\/medium-voltage-panels-equipment\/\" class=\"btn btn-relacionados\">Medium Voltage Panels Equipment<\/a><\/p>\n<\/div><\/div><\/div><div id=\"pgc-1281-2-1\"  class=\"panel-grid-cell\" ><div id=\"panel-1281-2-1-0\" class=\"so-panel widget widget_black-studio-tinymce widget_black_studio_tinymce panel-first-child panel-last-child\" data-index=\"5\" ><div class=\"textwidget\"><p><a href=\"https:\/\/wgiem.com.ar\/obras\/\" class=\"btn btn-relacionados\">Works<\/a><\/p>\n<\/div><\/div><\/div><div id=\"pgc-1281-2-2\"  class=\"panel-grid-cell\" ><div id=\"panel-1281-2-2-0\" class=\"so-panel widget widget_black-studio-tinymce widget_black_studio_tinymce panel-first-child panel-last-child\" data-index=\"6\" ><div class=\"textwidget\"><p><a href=\"https:\/\/wgiem.com.ar\/generacion-de-energia\/\" class=\"btn btn-relacionados\">Energy generation<\/a><\/p>\n<\/div><\/div><\/div><\/div><\/div>","protected":false},"excerpt":{"rendered":"<p>Development design and engineering of electrical systems of Low Voltage and Midium Voltage. Management and administration of industrial electromechanical works of Low Voltage and Midium Voltage. Specific maintenance in substations and Midium Voltage systems. Laboratory of metrology and electrical tests. Analysis of oils of transformers. Revamping of production lines, automatic and semi-automatic machines. Electric power &hellip;<\/p>\n","protected":false},"author":1,"featured_media":0,"parent":0,"menu_order":0,"comment_status":"closed","ping_status":"closed","template":"","meta":{"_acf_changed":false,"_joinchat":[],"footnotes":""},"class_list":["post-1281","page","type-page","status-publish","hentry"],"acf":[],"_links":{"self":[{"href":"https:\/\/wgiem.com.ar\/en\/wp-json\/wp\/v2\/pages\/1281"}],"collection":[{"href":"https:\/\/wgiem.com.ar\/en\/wp-json\/wp\/v2\/pages"}],"about":[{"href":"https:\/\/wgiem.com.ar\/en\/wp-json\/wp\/v2\/types\/page"}],"author":[{"embeddable":true,"href":"https:\/\/wgiem.com.ar\/en\/wp-json\/wp\/v2\/users\/1"}],"replies":[{"embeddable":true,"href":"https:\/\/wgiem.com.ar\/en\/wp-json\/wp\/v2\/comments?post=1281"}],"version-history":[{"count":9,"href":"https:\/\/wgiem.com.ar\/en\/wp-json\/wp\/v2\/pages\/1281\/revisions"}],"predecessor-version":[{"id":1647,"href":"https:\/\/wgiem.com.ar\/en\/wp-json\/wp\/v2\/pages\/1281\/revisions\/1647"}],"wp:attachment":[{"href":"https:\/\/wgiem.com.ar\/en\/wp-json\/wp\/v2\/media?parent=1281"}],"curies":[{"name":"wp","href":"https:\/\/api.w.org\/{rel}","templated":true}]}}